{"id":27,"date":"2011-09-30T18:40:42","date_gmt":"2011-09-30T18:40:42","guid":{"rendered":"http:\/\/wordpress\/?page_id=27"},"modified":"2017-01-10T12:41:54","modified_gmt":"2017-01-10T17:41:54","slug":"contact","status":"publish","type":"page","link":"https:\/\/become.crexed.org\/fr\/contact\/","title":{"rendered":"Contact"},"content":{"rendered":"<h2 class=\"intro-text\">Chacun est remarquable \u00e0 sa fa\u00e7on, nous vous aidons \u00e0 trouver la v\u00f4tre!<\/h2>\n<div class=\"main-content\">\n<div class=\"grid_12 alpha omega\">\n<div id=\"success\"><\/div>\n<div class=\"grid_6 alpha\">\n[raw]<br \/>\n<div id=\"contact-form\" class=\"rapid_contact dzscontactform rounded-fields form-preset\">\n                            <form method=\"post\" class=\"infield\" action=\"\" name=\"contact\">\n                            <p><span class=\"note\">Tous les champs sont obligatoires!<\/span>\n                            <p><label for=\"sendername\">Nom<\/label>\n                            <input class=\"text\" name=\"sendername\" type=\"text\" id=\"sendername\" \/>\n                            <span class=\"name-required\"><\/span><\/p>\n                            <p><label for=\"email\">Courriel<\/label>\n                            <input class=\"text\" name=\"email\" type=\"text\" id=\"email\" \/>\n                            <span class=\"email-required\"><\/span><\/p>\n                            <p><label for=\"message\" class=\"message-label\">Message<\/label>\n                            <textarea class=\"text-area\" name=\"message\" rows=\"5\" id=\"message\"><\/textarea>\n                            <span class=\"message-required\"><\/span><\/p><tr>\n                                            <p>2 plus 3 = ?<\/p>\n                                            <p><input type=\"text\" value=\"\" size=\"5\" name=\"dzscapcha\" class=\"rapid_contact inputbox dzscapcha\" \/><\/p>\n                                        <p><input class=\"send\" id=\"submit-form\" name=\"dzscontact\" type=\"submit\" value=\"Envoyer\" \/><\/p>\n                            <\/form>\n                        <\/div><script>\n\t$(document).ready(function() {\n\t\t$('#submit-form').click(function(){\n\t\t\tvar reg = \/^([A-Za-z0-9_\\-\\.])+\\@([A-Za-z0-9_\\-\\.])+\\.([A-Za-z]{2,4})$\/;\n\t\t\tvar names  = $('#contact-form [name=\"sendername\"]').val();  \n\t\t\tvar email_address = $('#contact-form [name=\"email\"]').val();\n\t\t\tvar comment  = $.trim($('#contact-form [name=\"message\"]').val());\n\t\t\tvar data_html ='' ;\n\t\t\tif(names == \"\"){\n\t\t\t\t$('.name-required').html('Veuillez entrer votre nom.');\n\t\t\t}else{\n\t\t\t\t$('.name-required').html('');\n\t\t\t}\n\t\t\t\t\t\n\t\t\tif(email_address == \"\"){\n\t\t\t\t$('.email-required').html('Votre email est requis.');\n\t\t\t}else if(reg.test(email_address) == false){\n\t\t\t\t$('.email-required').html('Adresse de courriel non valide.');\n\t\t\t}else{\n\t\t\t\t$('.email-required').html('');\n\t\t\t}\n\t\t\t\t\t\n\t\t\tif(comment == \"\"){\n\t\t\t\t$('.comment-required').html('Commentaire est n\u00e9cessaire.');\n\t\t\t}else{\n\t\t\t\t$('.comment-required').html('');\n\t\t\t}\n\t\t\t\t\t\n\t\t\t\/\/return false;\n\t\t});\n\t\t\n\t});\n\t<\/script><br \/>\n[\/raw]<\/p>\n<div class=\"clear\"><\/div>\n<\/p><\/div>\n<div class=\"grid_6 omega lesexecutives\">\n<div class=\"executives\">\n<span class=\"name\">Remarkable Marketing<\/span><span class=\"function\">417 Rue St-Pierre, Suite 800, <\/br> Montr\u00e9al, Qu\u00e9bec, <\/br> H2Y 2M4<\/span>\n<\/div>\n<div class=\"executives\">\n          <span class=\"name\">Richard Saad<\/span><span class=\"function\">Pr&eacute;sident et Directeur de cr&eacute;ation<\/span><\/p>\n<ul>\n<li>rsaad@become-remarkable.com<\/li>\n<li>514-690-7178<\/li>\n<\/ul>\n<p>          <span class=\"social-profiles\"><a href=\"https:\/\/www.facebook.com\/RemarquableCommunications\" target=\"_blank\" ><img decoding=\"async\" src=\"https:\/\/become.crexed.org\/wp-content\/themes\/ammon\/images\/social_icons\/facebook.png\" alt=\"\" \/><\/a><a href=\"http:\/\/twitter.com\/#!\/RemarquableComm\/\" target=\"_blank\" ><img decoding=\"async\" src=\"https:\/\/become.crexed.org\/wp-content\/themes\/ammon\/images\/social_icons\/twitter.png\" alt=\"\" \/><\/a><a href=\"http:\/\/ca.linkedin.com\/in\/remarquablerichard\" target=\"_blank\" ><img decoding=\"async\" src=\"https:\/\/become.crexed.org\/wp-content\/themes\/ammon\/images\/social_icons\/linkedin.png\" alt=\"\" \/><\/a><\/span>\n      <\/div>\n<div class=\"executives\">\n          <span class=\"name\">Caroline Pelletier<\/span><span class=\"function\">Directrice g&eacute;n&eacute;rale et Directrice de comptes<\/span><\/p>\n<ul>\n<li>cpelletier@become-remarkable.com<\/li>\n<li>514-824-1132<\/li>\n<\/ul>\n<p>          <span class=\"social-profiles\"><a href=\"https:\/\/www.facebook.com\/RemarquableCommunications\" target=\"_blank\" > <img decoding=\"async\" src=\"https:\/\/become.crexed.org\/wp-content\/themes\/ammon\/images\/social_icons\/facebook.png\" alt=\"\" \/><\/a><a href=\"http:\/\/twitter.com\/#!\/RemarquableComm\/\" target=\"_blank\" ><img decoding=\"async\" src=\"https:\/\/become.crexed.org\/wp-content\/themes\/ammon\/images\/social_icons\/twitter.png\" alt=\"\" \/><\/a><a href=\"http:\/\/ca.linkedin.com\/in\/remarquablecaroline\" target=\"_blank\" ><img decoding=\"async\" src=\"https:\/\/become.crexed.org\/wp-content\/themes\/ammon\/images\/social_icons\/linkedin.png\" alt=\"\" \/><\/a><\/span>\n      <\/div>\n<\/p><\/div>\n<div class=\"clear\"><\/div>\n<\/p><\/div>\n<p><!-- Grid 12 end --><\/p>\n<div class=\"clear\"><\/div>\n<\/p><\/div>\n","protected":false},"excerpt":{"rendered":"<p>Chacun est remarquable \u00e0 sa fa\u00e7on, nous vous aidons \u00e0 trouver la v\u00f4tre! [raw] [\/raw] Remarkable Marketing417 Rue St-Pierre, Suite 800, Montr\u00e9al, Qu\u00e9bec, H2Y 2M4 Richard SaadPr&eacute;sident et Directeur de cr&eacute;ation rsaad@become-remarkable.com 514-690-7178 Caroline PelletierDirectrice g&eacute;n&eacute;rale et Directrice de comptes &hellip; <a href=\"https:\/\/become.crexed.org\/fr\/contact\/\">Lire la suite <span class=\"meta-nav\">&rarr;<\/span><\/a><\/p>\n","protected":false},"author":10,"featured_media":0,"parent":0,"menu_order":0,"comment_status":"closed","ping_status":"closed","template":"","meta":{"footnotes":""},"class_list":["post-27","page","type-page","status-publish","hentry"],"_links":{"self":[{"href":"https:\/\/become.crexed.org\/fr\/wp-json\/wp\/v2\/pages\/27\/"}],"collection":[{"href":"https:\/\/become.crexed.org\/fr\/wp-json\/wp\/v2\/pages\/"}],"about":[{"href":"https:\/\/become.crexed.org\/fr\/wp-json\/wp\/v2\/types\/page\/"}],"author":[{"embeddable":true,"href":"https:\/\/become.crexed.org\/fr\/wp-json\/wp\/v2\/users\/10\/"}],"replies":[{"embeddable":true,"href":"https:\/\/become.crexed.org\/fr\/wp-json\/wp\/v2\/comments\/?post=27"}],"version-history":[{"count":0,"href":"https:\/\/become.crexed.org\/fr\/wp-json\/wp\/v2\/pages\/27\/revisions\/"}],"wp:attachment":[{"href":"https:\/\/become.crexed.org\/fr\/wp-json\/wp\/v2\/media\/?parent=27"}],"curies":[{"name":"wp","href":"https:\/\/api.w.org\/{rel}","templated":true}]}}