{"id":25,"date":"2011-09-30T18:40:11","date_gmt":"2011-09-30T18:40:11","guid":{"rendered":"http:\/\/wordpress\/?page_id=25"},"modified":"2016-11-15T11:33:51","modified_gmt":"2016-11-15T16:33:51","slug":"a-propos","status":"publish","type":"page","link":"https:\/\/become.crexed.org\/fr\/a-propos\/","title":{"rendered":"\u00c0 propos"},"content":{"rendered":"<div class=\"grid_8 alpha description\">\n<div class=\"item chez_nous\">\n<h3>+ \u00c0 propos<\/h3>\n<div class=\"text_bloc\">\n<p>Remarkable Marketing est une agence de publict\u00e9 qui allie la t\u00e9chnologie \u00e0 la puissance cr\u00e9ative afin de cr\u00e9er des r\u00e9sultats remarquables.<br \/> <br \/>\nRemarkable a su ma\u00eetriser et combiner strat\u00e9giquement les m\u00e9dias traditionnels avec la puissance des nouvelles technologies afin de mieux rejoindre le public cible et atteindre les objectifs d\u2019affaires de nos clients. Sp\u00e9cialis\u00e9 dans la communication interactive et marketing, Remarkable Marketing est une \u00e9quipe chevronn\u00e9e de cr\u00e9ateurs, de strat\u00e9gistes et d\u2019experts en technologie.<br \/> <br \/>\nRichard\u00a0Saad,\u00a0pr\u00e9sident\u00a0et\u00a0directeur\u00a0de\u00a0cr\u00e9ation\u00a0de\u00a0Remarkable\u00a0Marketing,\u00a0poss\u00e8de\u00a0plus\u00a0de\u00a013\u00a0ans d\u2019exp\u00e9rience\u00a0en\u00a0marketing\u00a0sur\u00a0le\u00a0march\u00e9\u00a0international.\u00a0Richard\u00a0a\u00a0gagn\u00e9\u00a0des\u00a0prestigieux prix\u00a0et a\u00a0travaill\u00e9 sur\u00a0des\u00a0projets\u00a0de\u00a0grande\u00a0envergure\u00a0pour\u00a0Pepsi,\u00a0Audi,\u00a0Cadillac,\u00a0IKEA, Gulf\u00a0Bank,\u00a0Groupe Pages\u00a0Jaunes,\u00a0Bombardier,\u00a0Jobboom\u00a0et\u00a0plusieurs\u00a0autres.<br \/>\u00a0<br \/>\nCaroline\u00a0Pelletier,\u00a0directrice g\u00e9n\u00e9rale,\u00a0d\u00e9tient\u00a0plusieurs\u00a0ann\u00e9es\u00a0d\u2019exp\u00e9rience\u00a0\u00e0\u00a0la\u00a0t\u00eate\u00a0de\u00a0comptes\u00a0tels que\u00a0Bombardier\u00a0Produits\u00a0R\u00e9cr\u00e9atifs\u00a0(BRP)\u00a0et\u00a0Lowe\u2019s.\u00a0Elle\u00a0a\u00a0men\u00e9\u00a0la\u00a0strat\u00e9gie\u00a0de\u00a0m\u00e9dias\u00a0sociaux\u00a0pour\u00a0Pepsi\u00a0Canada et a agi en tant que sp\u00e9cialiste en contenus chez Groupe Pages Jaunes.\u00a0<br \/>\nLes membres de notre \u00e9quipe sont passionn\u00e9s par leur m\u00e9tier et comptent une moyenne de sept ans d\u2019exp\u00e9rience dans leurs champs d\u2019activit\u00e9s respectifs. Ils sont tous, \u00e0 divers niveaux, impliqu\u00e9s dans l\u2019\u00e9laboration des fonctions ergonomiques, fonctionnelles et graphiques de votre projet.\u00a0<br \/> \n<\/div>\n<\/div>\n<\/div>\n<div class=\"grid_4 omega slider_saviez_vous\">\n<div class=\"slider_img\">\n<img loading=\"lazy\" decoding=\"async\" src=\"https:\/\/become.crexed.org\/wp-content\/uploads\/2011\/09\/yoann.jpg\" alt=\"jaime\" title=\"yoann\" width=\"297\" height=\"241\" \/><br \/>\n<img loading=\"lazy\" decoding=\"async\" src=\"https:\/\/become.crexed.org\/wp-content\/uploads\/2011\/09\/richard.jpg\" alt=\"richard\" title=\"jaime\" width=\"297\" height=\"241\" \/><br \/>\n<img loading=\"lazy\" decoding=\"async\" src=\"https:\/\/become.crexed.org\/wp-content\/uploads\/2011\/09\/jaime.jpg\" alt=\"jaime\" title=\"jaime\" width=\"297\" height=\"241\" \/>\n<\/div>\n<\/div>\n<div class=\"item chez_nous\">\n<h3> + Une journ\u00e9e chez nous ?<\/h3>\n<div class=\"clear\"><\/div>\n<div class=\"separator\"><\/div>\n<div class=\"grid_8 alpha journeenimages\">\n<div class=\"cadre\">\n<div class=\"blocs\"><img loading=\"lazy\" decoding=\"async\" src=\"https:\/\/become.crexed.org\/wp-content\/uploads\/2012\/04\/pictotasse.gif\" width=\"70\" height=\"50\"><\/p>\n<div class=\"numbers\">12<\/div>\n<div class=\"texte\">\n  <span class=\"activity\"> caf\u00e9s par jour <\/span> <span class=\"com\"> De pr\u00e9f\u00e9rence du colombien <\/span> <\/div>\n<\/p><\/div>\n<div class=\"blocs bordure\"> <img loading=\"lazy\" decoding=\"async\" src=\"https:\/\/become.crexed.org\/wp-content\/uploads\/2012\/04\/pictobulle.gif\" width=\"70\" height=\"50\"><\/p>\n<div class=\"numbers\">05<\/div>\n<div class=\"texte\">\n  <span class=\"activity\"> langues parl\u00e9es par jour <\/span> <span class=\"com\"> Fran\u00e7ais, anglais, espagnol, arabe et allemand <\/span> <\/div>\n<div class=\"bordure\"><\/div>\n<\/p><\/div>\n<div class=\"blocs\"> <img loading=\"lazy\" decoding=\"async\" src=\"https:\/\/become.crexed.org\/wp-content\/uploads\/2012\/04\/pitcolunettes.gif\" width=\"70\" height=\"50\"><\/p>\n<div class=\"numbers\"> 12 <\/div>\n<div class=\"texte\"> <span class=\"activity\"> blagues par jour <\/span> <span class=\"com\"> 2% d&rsquo;entre elles sont r\u00e9ussies <\/span> <\/div>\n<\/p><\/div>\n<div class=\"blocs\"> <img loading=\"lazy\" decoding=\"async\" src=\"https:\/\/become.crexed.org\/wp-content\/uploads\/2012\/04\/pictosouris.gif\" width=\"70\" height=\"50\"><\/p>\n<div class=\"numbers\"> 53 <\/div>\n<div class=\"texte\"> <span class=\"activity\"> heures de travail par jour <\/span> <span class=\"com\"> 99,9% d&rsquo;entres elles sont productives <\/span> <\/div>\n<\/p><\/div>\n<div class=\"blocs bordure\"> <img loading=\"lazy\" decoding=\"async\" src=\"https:\/\/become.crexed.org\/wp-content\/uploads\/2012\/04\/pictotelephone.gif\" width=\"70\" height=\"50\"><\/p>\n<div class=\"numbers\"> 18 <\/div>\n<div class=\"texte\"> <span class=\"activity\"> appels t\u00e9l\u00e9phoniques <\/span> <span class=\"com\"> 74% clients, 25% fournisseurs, 1% conjoints <\/span> <\/div>\n<\/p><\/div>\n<div class=\"blocs\"> <img loading=\"lazy\" decoding=\"async\" src=\"https:\/\/become.crexed.org\/wp-content\/uploads\/2012\/04\/pictomains.gif\" width=\"70\" height=\"50\"><\/p>\n<div class=\"numbers\"> 04 <\/div>\n<div class=\"texte\"> <span class=\"activity\"> rencontres par jour <\/span> <span class=\"com\"> Je suis disponible demain <\/span> <\/div>\n<\/p><\/div>\n<div class=\"blocs\"> <img loading=\"lazy\" decoding=\"async\" src=\"https:\/\/become.crexed.org\/wp-content\/uploads\/2012\/04\/pictocassette.gif\" width=\"70\" height=\"50\"><\/p>\n<div class=\"numbers\"> 27 <\/div>\n<div class=\"texte\"> <span class=\"activity\"> chansons \u00e9cout\u00e9es par jour <\/span> <span class=\"com\"> Vive Grooveshark ! <\/span> <\/div>\n<\/p><\/div>\n<div class=\"blocs bordure\"> <img loading=\"lazy\" decoding=\"async\" src=\"https:\/\/become.crexed.org\/wp-content\/uploads\/2012\/04\/pictophoto.gif\" width=\"70\" height=\"50\"><\/p>\n<div class=\"numbers\"> 02 <\/div>\n<div class=\"texte\"> <span class=\"activity\"> photos par jour <\/span> <span class=\"com\"> Pourquoi les fran\u00e7ais prennent-ils des photos quand il neige ? <\/span> <\/div>\n<\/p><\/div>\n<div class=\"blocs\"> <img loading=\"lazy\" decoding=\"async\" src=\"https:\/\/become.crexed.org\/wp-content\/uploads\/2012\/04\/pictocrayon.gif\" width=\"70\" height=\"50\"><\/p>\n<div class=\"numbers\"> 1,4 <\/div>\n<div class=\"texte\"> <span class=\"activity\">heures de brainstorming <\/span> <span class=\"com\"> Incluant les nuits blanches <\/span> <\/div>\n<\/p><\/div>\n<div class=\"blocs\"> <img loading=\"lazy\" decoding=\"async\" src=\"https:\/\/become.crexed.org\/wp-content\/uploads\/2012\/04\/pictomanger.gif\" width=\"70\" height=\"50\"><\/p>\n<div class=\"numbers\"> 01 <\/div>\n<div class=\"texte\"> <span class=\"activity\"> heures de pause par jour <\/span> <span class=\"com\"> Client privil\u00e9gi\u00e9s chez Five Guys <\/span> <\/div>\n<\/p><\/div>\n<div class=\"blocs bordure\"> <img loading=\"lazy\" decoding=\"async\" src=\"https:\/\/become.crexed.org\/wp-content\/uploads\/2012\/04\/pictomasque.gif\" width=\"70\" height=\"50\"><\/p>\n<div class=\"numbers\"> 12 <\/div>\n<div class=\"texte\"> <span class=\"activity\"> d\u00e9saccord par jour <\/span> <span class=\"com\"> Le cr\u00e9atif a toujours raison <\/span> <\/div>\n<\/p><\/div>\n<div class=\"blocs\"> <img loading=\"lazy\" decoding=\"async\" src=\"https:\/\/become.crexed.org\/wp-content\/uploads\/2012\/04\/pictopapier.gif\" width=\"70\" height=\"50\"><\/p>\n<div class=\"numbers\"> 0.1 <\/div>\n<div class=\"texte\"> <span class=\"activity\"> heures aux toilettes <\/span> <span class=\"com\">&nbsp;No comment&nbsp; \ud83d\ude42 <\/span> <\/div>\n<\/p><\/div>\n<\/div><\/div>\n<div class=\"grid_4 omega lesexecutives\">\n<div class=\"executives\">\n          <span class=\"name\">Richard Saad<\/span><span class=\"function\">Pr&eacute;sident et Directeur de cr&eacute;ation<\/span><\/p>\n<ul>\n<li>rsaad@become-remarkable.com <\/li>\n<li>514-690-7178<\/li>\n<\/ul>\n<p>          <span class=\"social-profiles\"><a href=\"https:\/\/www.facebook.com\/RemarquableCommunications\" target=\"_blank\" ><img decoding=\"async\" src=\"https:\/\/become.crexed.org\/wp-content\/themes\/ammon\/images\/social_icons\/facebook.png\" alt=\"\" \/><\/a><a href=\"http:\/\/twitter.com\/#!\/RemarquableComm\/\" target=\"_blank\" ><img decoding=\"async\" src=\"https:\/\/become.crexed.org\/wp-content\/themes\/ammon\/images\/social_icons\/twitter.png\" alt=\"\" \/><\/a><a href=\"http:\/\/ca.linkedin.com\/in\/remarquablerichard\" target=\"_blank\" ><img decoding=\"async\" src=\"https:\/\/become.crexed.org\/wp-content\/themes\/ammon\/images\/social_icons\/linkedin.png\" alt=\"\" \/><\/a><\/span>\n      <\/div>\n<div class=\"executives\">\n          <span class=\"name\">Caroline Pelletier<\/span><span class=\"function\">Directrice g&eacute;n&eacute;rale et Directrice de comptes<\/span><\/p>\n<ul>\n<li>cpelletier@become-remarkable.com <\/li>\n<li>514-824-1132<\/li>\n<\/ul>\n<p>          <span class=\"social-profiles\"><a href=\"https:\/\/www.facebook.com\/RemarquableCommunications\" target=\"_blank\" > <img decoding=\"async\" src=\"https:\/\/become.crexed.org\/wp-content\/themes\/ammon\/images\/social_icons\/facebook.png\" alt=\"\" \/><\/a><a href=\"http:\/\/twitter.com\/#!\/RemarquableComm\/\" target=\"_blank\" ><img decoding=\"async\" src=\"https:\/\/become.crexed.org\/wp-content\/themes\/ammon\/images\/social_icons\/twitter.png\" alt=\"\" \/><\/a><a href=\"http:\/\/ca.linkedin.com\/in\/carolineapelletier\" target=\"_blank\" ><img decoding=\"async\" src=\"https:\/\/become.crexed.org\/wp-content\/themes\/ammon\/images\/social_icons\/linkedin.png\" alt=\"\" \/><\/a><\/span>\n      <\/div>\n<\/p><\/div>\n<\/div>\n<p> <!--item chez_nous --><\/p>\n","protected":false},"excerpt":{"rendered":"<p>+ \u00c0 propos Remarkable Marketing est une agence de publict\u00e9 qui allie la t\u00e9chnologie \u00e0 la puissance cr\u00e9ative afin de cr\u00e9er des r\u00e9sultats remarquables. Remarkable a su ma\u00eetriser et combiner strat\u00e9giquement les m\u00e9dias traditionnels avec la puissance des nouvelles technologies &hellip; <a href=\"https:\/\/become.crexed.org\/fr\/a-propos\/\">Lire la suite <span class=\"meta-nav\">&rarr;<\/span><\/a><\/p>\n","protected":false},"author":10,"featured_media":0,"parent":0,"menu_order":0,"comment_status":"closed","ping_status":"closed","template":"","meta":{"footnotes":""},"class_list":["post-25","page","type-page","status-publish","hentry"],"_links":{"self":[{"href":"https:\/\/become.crexed.org\/fr\/wp-json\/wp\/v2\/pages\/25\/"}],"collection":[{"href":"https:\/\/become.crexed.org\/fr\/wp-json\/wp\/v2\/pages\/"}],"about":[{"href":"https:\/\/become.crexed.org\/fr\/wp-json\/wp\/v2\/types\/page\/"}],"author":[{"embeddable":true,"href":"https:\/\/become.crexed.org\/fr\/wp-json\/wp\/v2\/users\/10\/"}],"replies":[{"embeddable":true,"href":"https:\/\/become.crexed.org\/fr\/wp-json\/wp\/v2\/comments\/?post=25"}],"version-history":[{"count":0,"href":"https:\/\/become.crexed.org\/fr\/wp-json\/wp\/v2\/pages\/25\/revisions\/"}],"wp:attachment":[{"href":"https:\/\/become.crexed.org\/fr\/wp-json\/wp\/v2\/media\/?parent=25"}],"curies":[{"name":"wp","href":"https:\/\/api.w.org\/{rel}","templated":true}]}}